{"id":23,"date":"2022-08-02T15:05:51","date_gmt":"2022-08-02T15:05:51","guid":{"rendered":"https:\/\/www.viadetur.org\/?page_id=23"},"modified":"2022-08-02T23:10:37","modified_gmt":"2022-08-02T23:10:37","slug":"blog","status":"publish","type":"page","link":"https:\/\/www.viadetur.org\/index.php\/blog\/","title":{"rendered":"Programas y talleres\ufffc\ufffc"},"content":{"rendered":"\n<p class=\"has-text-align-right\"><strong><em>Programas<\/em><\/strong><\/p>\n\n\n\n<p><\/p>\n\n\n\n<p><strong>Programa Identidad Creativa<\/strong><\/p>\n\n\n\n<p><\/p>\n\n\n\n<p><strong>Programa de rescate de la Identidad Nacional para el fortalecimiento de los emprendimientos culturales y el desarrollo sostenible del turismo para impulsar la econom\u00eda creativa<\/strong><\/p>\n\n\n\n<p><em>Pretende impulsar el rescate de la identidad nacional a trav\u00e9s del impulso de emprendimientos culturales y tur\u00edsticos como mecanismo de exposici\u00f3n de nuestro acervo y riquezas naturales, as\u00ed como el respeto al medio ambiente y fortalecimiento de una econom\u00eda sostenible<\/em><\/p>\n\n\n\n<p><\/p>\n\n\n\n<p><strong>Programa para el desarrollo proactivo, disruptivo e integral de ni\u00f1as, ni\u00f1os y adolescentes cr\u00edticos, creativos e innovadores para el crecimiento arm\u00f3nico e inclusivo que genere ciudadanos libres, emprendedores, equitativos, solidarios y justos<\/strong><\/p>\n\n\n\n<p><em>Pretende generar un cambio de actitud en ni\u00f1os, ni\u00f1as y adolescentes para convertirlos en sujetos de desarrollo con una formaci\u00f3n cr\u00edtica, responsable y liberadora que cree una cultura de no violencia y respeto al medio ambiente.<\/em><\/p>\n\n\n\n<p><\/p>\n\n\n\n<p><strong>Programa de estudio de las condiciones y necesidades para la preservaci\u00f3n del medio ambiente y la masificaci\u00f3n de buenas pr\u00e1cticas con el fin de sensibilizar el uso eficiente de los recursos del entorno, educar para la preservaci\u00f3n, reciclaje y mantenimiento cotidiano y generar mecanismos y recursos de la conservaci\u00f3n<\/strong><\/p>\n\n\n\n<p><em>Pretende impulsar un cambio de actitud para generar experiencias favorables de preservaci\u00f3n, reciclaje, mantenimiento y reutilizaci\u00f3n para un turismo sostenible con nuevos patrones de conducta.<\/em><\/p>\n\n\n\n<p><\/p>\n\n\n\n<p class=\"has-text-align-right\"><em><strong>Talleres<\/strong><\/em><\/p>\n","protected":false},"excerpt":{"rendered":"<p>Programas Programa Identidad Creativa Programa de rescate de la Identidad Nacional para el fortalecimiento de los emprendimientos culturales y el desarrollo sostenible del turismo para impulsar la econom\u00eda creativa Pretende impulsar el rescate de la identidad nacional a trav\u00e9s del impulso de emprendimientos culturales y tur\u00edsticos como mecanismo de exposici\u00f3n de nuestro acervo y riquezas &hellip; <\/p>\n<p class=\"link-more\"><a href=\"https:\/\/www.viadetur.org\/index.php\/blog\/\" class=\"more-link\">Leer m\u00e1s<span class=\"screen-reader-text\"> \u00abProgramas y talleres\ufffc\ufffc\u00bb<\/span><\/a><\/p>\n","protected":false},"author":1,"featured_media":19,"parent":0,"menu_order":0,"comment_status":"closed","ping_status":"closed","template":"","meta":{"footnotes":""},"class_list":["post-23","page","type-page","status-publish","has-post-thumbnail","hentry"],"_links":{"self":[{"href":"https:\/\/www.viadetur.org\/index.php\/wp-json\/wp\/v2\/pages\/23","targetHints":{"allow":["GET"]}}],"collection":[{"href":"https:\/\/www.viadetur.org\/index.php\/wp-json\/wp\/v2\/pages"}],"about":[{"href":"https:\/\/www.viadetur.org\/index.php\/wp-json\/wp\/v2\/types\/page"}],"author":[{"embeddable":true,"href":"https:\/\/www.viadetur.org\/index.php\/wp-json\/wp\/v2\/users\/1"}],"replies":[{"embeddable":true,"href":"https:\/\/www.viadetur.org\/index.php\/wp-json\/wp\/v2\/comments?post=23"}],"version-history":[{"count":3,"href":"https:\/\/www.viadetur.org\/index.php\/wp-json\/wp\/v2\/pages\/23\/revisions"}],"predecessor-version":[{"id":65,"href":"https:\/\/www.viadetur.org\/index.php\/wp-json\/wp\/v2\/pages\/23\/revisions\/65"}],"wp:featuredmedia":[{"embeddable":true,"href":"https:\/\/www.viadetur.org\/index.php\/wp-json\/wp\/v2\/media\/19"}],"wp:attachment":[{"href":"https:\/\/www.viadetur.org\/index.php\/wp-json\/wp\/v2\/media?parent=23"}],"curies":[{"name":"wp","href":"https:\/\/api.w.org\/{rel}","templated":true}]}}